{"id":11,"date":"2010-06-14T23:41:39","date_gmt":"2010-06-14T23:41:39","guid":{"rendered":"http:\/\/www.claudieogier.com\/illustration\/?page_id=11"},"modified":"2019-01-24T12:46:46","modified_gmt":"2019-01-24T12:46:46","slug":"parcours-formation","status":"publish","type":"page","link":"https:\/\/www.claudieogier.com\/illustration\/parcours-formation","title":{"rendered":"PARCOURS \/ FORMATION"},"content":{"rendered":"<p><strong>Artiste peintre, Auteur et Illustratrice jeunesse<\/strong><br \/>\nArtiste peintre, Auteur et Illustratrice jeunesse, Claudie Ogier est impr\u00e9gn\u00e9e de la culture antillaise o\u00f9 elle v\u00e9cut 20 ans. Elle vit maintenant en Provence, dans la r\u00e9gion de son enfance. A travers ses nombreux voyages autour du monde, c&rsquo;est la richesse humaine qui nourrit son inspiration. Ses toiles d\u00e9peignent un monde de joie et de couleurs. Ses histoires pour enfants vibrent de sourires, de fra\u00eecheur, de bonheur et d&rsquo;amour .<\/p>\n<p>Claudie Ogier est passionn\u00e9e depuis l&rsquo;adolescence par tout ce qui concerne la conscience de soi et le d\u00e9veloppement personnel. Sa m\u00e8re l&rsquo;a sensibilis\u00e9e \u00e0 la beaut\u00e9 de la nature ainsi qu&rsquo;\u00e0 la joie de bonheurs simples. Et son p\u00e8re, psychologue, lui transmet ses premi\u00e8res bases de d\u00e9veloppement personnel. Puis, durant sa vie en Guadeloupe, elle compose avec plusieurs courants de pens\u00e9e, de philosophie et de spiritualit\u00e9. Elle rencontre Lise Bourbeau au Quebec qui la formera aux techniques de relation d&rsquo;aide.<\/p>\n<p><strong>Parcours<\/strong><br \/>\n<img loading=\"lazy\" class=\"alignright size-full wp-image-36\" title=\"Claudie_2\" src=\"http:\/\/www.claudieogier.com\/illustration\/wp-content\/uploads\/Claudie_2.jpg\" alt=\"\" width=\"218\" height=\"240\">Sa vocation remonte \u00e0 l&rsquo;\u00e2ge de huit ans o\u00f9 elle a commenc\u00e9 \u00e0 suivre des cours de dessin en atelier. Depuis elle n&rsquo;a cess\u00e9 de dessiner. Plus tard, elle fait six ann\u00e9es d&rsquo;\u00e9tudes d&rsquo;Art Graphiques et de Publicit\u00e9 \u00e0 Paris. Puis elle a travaill\u00e9 dix ans dans diff\u00e9rentes agences de publicit\u00e9 connues, en tant que Directrice Artistique notamment Euro RSCG. C&rsquo;est pour l&rsquo;agence de S\u00e9gu\u00e9la qu&rsquo;elle part s&rsquo;installer en Guadeloupe. Et c&rsquo;est gr\u00e2ce \u00e0 la Guadeloupe qu&rsquo;elle est revenue \u00e0 la peinture \u00e0 laquelle&nbsp;elle&nbsp;se consacre enti\u00e8rement depuis 1997.<\/p>\n<p>En 2000, elle cr\u00e9e sa premi\u00e9re collection de Livres Jeunesse (11 titres actuellement&nbsp;et 1 coloriage) les aventures de Choubouloute petite fille antillaise, dont plusieurs titres sont des best-sellers.<\/p>\n<p>Ensuite, dans la collection \u00a0\u00bb les petits secrets du bonheur\u00a0\u00bb &nbsp;(4 titres en fran\u00e7ais et anglais et 2 coloriages),&nbsp;claudie Ogier allie ses deux passions : le monde color\u00e9 de l&rsquo;enfance et les valeurs essentielles qu&rsquo;elle souhaite transmettre, pour aller vers un monde d&rsquo;amour, plus harmonieux et meilleur.<\/p>\n<p>D\u2019autres ouvrages : \u00ab Praline et Hector \u00bb (bilingue fran\u00e7ais\/anglais), une tendre histoire familiale,<br \/>\n\u00ab Angeline est sauv\u00e9e par ses amis \u00bb (bilingue fran\u00e7ais\/anglais), une histoire d\u2019amiti\u00e9, \u00ab Mes animaux favoris \u00bb (bilingue fran\u00e7ais\/anglais), un imagier, \u00ab\u00a0l&rsquo;imagier de ma journ\u00e9e\u00a0\u00bb avec Ga\u00ebtan l&rsquo;\u00e9l\u00e9phant (fran\u00e7ais), \u00ab\u00a0Elfie, la licorne arc-en-ciel\u00a0\u00bb(fran\u00e7ais), une histoire pour r\u00eaver, soit vingt et un albums \u00e9dit\u00e9s, dont dix bilingues.<\/p>\n<p><strong>Formation<\/strong><\/p>\n<p>\u00c9cole sup\u00e9rieure d\u2019Art Graphique (Penninghen) \u00e0 Paris<br \/>\n\u00c9cole d\u2019Art et dessin, rue Madame, \u00e0 Paris<br \/>\nAcad\u00e9mie Charpentier, \u00e0 Paris<br \/>\nFormation \u201cMaquettiste P.A.O\u201d<br \/>\nLogiciels : QuarkXpress 6.5 &#8211; Indesign &#8211; Photoshop CS2 &#8211; Illustrator<br \/>\nFormation \u201dMurs peints et trompe l\u2019\u0153il\u201d \u00e0 l\u2019Ip\u00e9dec, \u00e0 Paris<\/p>\n","protected":false},"excerpt":{"rendered":"<p>Artiste peintre, Auteur et Illustratrice jeunesse Artiste peintre, Auteur et Illustratrice jeunesse, Claudie Ogier est impr\u00e9gn\u00e9e de la culture antillaise o\u00f9 elle v\u00e9cut 20 ans. Elle vit maintenant en Provence, dans la r\u00e9gion de son enfance. A travers ses nombreux voyages autour du monde, c&rsquo;est la richesse humaine qui nourrit son inspiration. Ses toiles d\u00e9peignent [&hellip;]<\/p>\n","protected":false},"author":1,"featured_media":0,"parent":0,"menu_order":13,"comment_status":"open","ping_status":"closed","template":"","meta":[],"_links":{"self":[{"href":"https:\/\/www.claudieogier.com\/illustration\/wp-json\/wp\/v2\/pages\/11"}],"collection":[{"href":"https:\/\/www.claudieogier.com\/illustration\/wp-json\/wp\/v2\/pages"}],"about":[{"href":"https:\/\/www.claudieogier.com\/illustration\/wp-json\/wp\/v2\/types\/page"}],"author":[{"embeddable":true,"href":"https:\/\/www.claudieogier.com\/illustration\/wp-json\/wp\/v2\/users\/1"}],"replies":[{"embeddable":true,"href":"https:\/\/www.claudieogier.com\/illustration\/wp-json\/wp\/v2\/comments?post=11"}],"version-history":[{"count":54,"href":"https:\/\/www.claudieogier.com\/illustration\/wp-json\/wp\/v2\/pages\/11\/revisions"}],"predecessor-version":[{"id":339,"href":"https:\/\/www.claudieogier.com\/illustration\/wp-json\/wp\/v2\/pages\/11\/revisions\/339"}],"wp:attachment":[{"href":"https:\/\/www.claudieogier.com\/illustration\/wp-json\/wp\/v2\/media?parent=11"}],"curies":[{"name":"wp","href":"https:\/\/api.w.org\/{rel}","templated":true}]}}